{"id":251,"date":"2020-04-15T22:15:17","date_gmt":"2020-04-15T22:15:17","guid":{"rendered":"http:\/\/pagos.jardinesdeoriente.com.mx\/?post_type=product&#038;p=251"},"modified":"2026-04-08T16:00:08","modified_gmt":"2026-04-08T16:00:08","slug":"paquete-de-fosa-5-gavetas-1-servicio-1-ataud-511","status":"publish","type":"product","link":"https:\/\/jardinesdeoriente.com.mx\/?product=paquete-de-fosa-5-gavetas-1-servicio-1-ataud-511","title":{"rendered":"PAQUETE DE FOSA 5 GAVETAS, 1 SERVICIO, 1 ATA\u00daD JARD\u00cdN ALHEL\u00cd &#8211; 511 ALHEL\u00cd"},"content":{"rendered":"<p>Incluye:<br \/>\n* Descensor autom\u00e1tico<br \/>\n* Carroza de cortejo<br \/>\n* Toldo y siller\u00eda<br \/>\n* Capilla de velaci\u00f3n o Equipo de velaci\u00f3n<br \/>\n* Placa grabada<br \/>\n* Ata\u00fad de paquete<br \/>\n* Florero<br \/>\n* Maniobras de inhumaci\u00f3n<br \/>\n* Carroza de rescate<\/p>\n<p>Cuota de mejoras: $ 1,012.00 Anual (esta cuota se incrementa anualmente<br \/>\nde acuerdo al \u00edndice de inflaci\u00f3n reportada por el Banco de M\u00e9xico.)<\/p>\n<p>ES NECESARIO QUE ESTE PAGADO AL 100% EL PAQUETE CONTRATADO AL MOMENTO DE REQUERIRLO.<\/p>\n<p>NOTA: LOS TRAMITES DE SERVICIOS O CUALQUIER SERVICIO ADICIONAL VAN POR CUENTA DEL CLIENTE<\/p>\n","protected":false},"excerpt":{"rendered":"<p>FOSA DE 5 GAVETAS, 1 SERVICIO, 1 ATA\u00daD JARD\u00cdN ALHEL\u00cd<\/p>\n","protected":false},"featured_media":252,"comment_status":"open","ping_status":"closed","template":"","meta":[],"product_brand":[],"product_cat":[16],"product_tag":[],"class_list":{"0":"post-251","1":"product","2":"type-product","3":"status-publish","4":"has-post-thumbnail","6":"product_cat-paquetes-contado","7":"h-entry","10":"first","11":"instock","12":"shipping-taxable","13":"purchasable","14":"product-type-simple"},"_links":{"self":[{"href":"https:\/\/jardinesdeoriente.com.mx\/index.php?rest_route=\/wp\/v2\/product\/251","targetHints":{"allow":["GET"]}}],"collection":[{"href":"https:\/\/jardinesdeoriente.com.mx\/index.php?rest_route=\/wp\/v2\/product"}],"about":[{"href":"https:\/\/jardinesdeoriente.com.mx\/index.php?rest_route=\/wp\/v2\/types\/product"}],"replies":[{"embeddable":true,"href":"https:\/\/jardinesdeoriente.com.mx\/index.php?rest_route=%2Fwp%2Fv2%2Fcomments&post=251"}],"wp:featuredmedia":[{"embeddable":true,"href":"https:\/\/jardinesdeoriente.com.mx\/index.php?rest_route=\/wp\/v2\/media\/252"}],"wp:attachment":[{"href":"https:\/\/jardinesdeoriente.com.mx\/index.php?rest_route=%2Fwp%2Fv2%2Fmedia&parent=251"}],"wp:term":[{"taxonomy":"product_brand","embeddable":true,"href":"https:\/\/jardinesdeoriente.com.mx\/index.php?rest_route=%2Fwp%2Fv2%2Fproduct_brand&post=251"},{"taxonomy":"product_cat","embeddable":true,"href":"https:\/\/jardinesdeoriente.com.mx\/index.php?rest_route=%2Fwp%2Fv2%2Fproduct_cat&post=251"},{"taxonomy":"product_tag","embeddable":true,"href":"https:\/\/jardinesdeoriente.com.mx\/index.php?rest_route=%2Fwp%2Fv2%2Fproduct_tag&post=251"}],"curies":[{"name":"wp","href":"https:\/\/api.w.org\/{rel}","templated":true}]}}