{"id":243,"date":"2020-04-15T21:24:19","date_gmt":"2020-04-15T21:24:19","guid":{"rendered":"http:\/\/pagos.jardinesdeoriente.com.mx\/?post_type=product&#038;p=243"},"modified":"2026-04-08T16:02:05","modified_gmt":"2026-04-08T16:02:05","slug":"paquete-de-fosa-4-gavetas-sin-servicios-sin-ataudes-400","status":"publish","type":"product","link":"https:\/\/jardinesdeoriente.com.mx\/?product=paquete-de-fosa-4-gavetas-sin-servicios-sin-ataudes-400","title":{"rendered":"PAQUETE DE FOSA 4 GAVETAS, SIN SERVICIOS, SIN ATA\u00daDES JARD\u00cdN CLAVELES &#8211; 400JCL"},"content":{"rendered":"<p>Incluye:<br \/>\n* Descensor autom\u00e1tico<br \/>\n* Toldo y siller\u00eda<br \/>\n* Placa grabada<br \/>\n* Florero<br \/>\n* Maniobras de inhumaci\u00f3n<\/p>\n<p>Cuota de mejoras: $ 1,012.00 anual (esta cuota se incrementa anualmente de acuerdo al \u00edndice de inflaci\u00f3n reportada por el Banco de M\u00e9xico).<\/p>\n<p>ES NECESARIO QUE ESTE PAGADO AL 100% EL PAQUETE CONTRATADO AL MOMENTO DE REQUERIRLO.<\/p>\n<p>NOTA: LOS TRAMITES DE SERVICIOS O CUALQUIER SERVICIO ADICIONAL VAN POR CUENTA DEL CLIENTE<\/p>\n","protected":false},"excerpt":{"rendered":"<p>FOSA 4 GAVETAS, SIN SERVICIO, SIN ATA\u00daD JARD\u00cdN CLAVELES<\/p>\n","protected":false},"featured_media":244,"comment_status":"open","ping_status":"closed","template":"","meta":[],"product_brand":[],"product_cat":[16],"product_tag":[],"class_list":{"0":"post-243","1":"product","2":"type-product","3":"status-publish","4":"has-post-thumbnail","6":"product_cat-paquetes-contado","7":"h-entry","10":"first","11":"instock","12":"shipping-taxable","13":"purchasable","14":"product-type-simple"},"_links":{"self":[{"href":"https:\/\/jardinesdeoriente.com.mx\/index.php?rest_route=\/wp\/v2\/product\/243","targetHints":{"allow":["GET"]}}],"collection":[{"href":"https:\/\/jardinesdeoriente.com.mx\/index.php?rest_route=\/wp\/v2\/product"}],"about":[{"href":"https:\/\/jardinesdeoriente.com.mx\/index.php?rest_route=\/wp\/v2\/types\/product"}],"replies":[{"embeddable":true,"href":"https:\/\/jardinesdeoriente.com.mx\/index.php?rest_route=%2Fwp%2Fv2%2Fcomments&post=243"}],"wp:featuredmedia":[{"embeddable":true,"href":"https:\/\/jardinesdeoriente.com.mx\/index.php?rest_route=\/wp\/v2\/media\/244"}],"wp:attachment":[{"href":"https:\/\/jardinesdeoriente.com.mx\/index.php?rest_route=%2Fwp%2Fv2%2Fmedia&parent=243"}],"wp:term":[{"taxonomy":"product_brand","embeddable":true,"href":"https:\/\/jardinesdeoriente.com.mx\/index.php?rest_route=%2Fwp%2Fv2%2Fproduct_brand&post=243"},{"taxonomy":"product_cat","embeddable":true,"href":"https:\/\/jardinesdeoriente.com.mx\/index.php?rest_route=%2Fwp%2Fv2%2Fproduct_cat&post=243"},{"taxonomy":"product_tag","embeddable":true,"href":"https:\/\/jardinesdeoriente.com.mx\/index.php?rest_route=%2Fwp%2Fv2%2Fproduct_tag&post=243"}],"curies":[{"name":"wp","href":"https:\/\/api.w.org\/{rel}","templated":true}]}}