{"id":232,"date":"2020-04-15T21:05:50","date_gmt":"2020-04-15T21:05:50","guid":{"rendered":"http:\/\/pagos.jardinesdeoriente.com.mx\/?post_type=product&#038;p=232"},"modified":"2026-04-08T16:04:27","modified_gmt":"2026-04-08T16:04:27","slug":"jardin-bugambilias-primera-seccion-2","status":"publish","type":"product","link":"https:\/\/jardinesdeoriente.com.mx\/?product=jardin-bugambilias-primera-seccion-2","title":{"rendered":"JARD\u00cdN PENSAMIENTO PRIMERA SECCI\u00d3N &#8211; 111CJP"},"content":{"rendered":"<p>Incluye:<br \/>\n* Fosa a temporalidad (7 a\u00f1os m\u00e1ximo)<br \/>\n* Carroza de rescate<br \/>\n* Carroza de cortejo<br \/>\n* Descensor autom\u00e1tico<br \/>\n* Maniobras de inhumaci\u00f3n<br \/>\n* Maniobras de exhumaci\u00f3n<br \/>\n* Capilla de velaci\u00f3n \u00f3 Equipo de velaci\u00f3n<br \/>\n* Ata\u00fad de paquete<br \/>\n* Toldo y siller\u00eda<br \/>\n* Cremaci\u00f3n<br \/>\n* Placa grabada<br \/>\n* Urna de paquete<br \/>\n* Florero<br \/>\n* Gestor\u00eda y tr\u00e1mites gubernamentales (caso no legal)<br \/>\n* Embalsamamiento<\/p>\n<p>Cuota de mejoras: $ 1,012.00 anual (esta cuota se incrementa anualmente de acuerdo al \u00edndice de inflaci\u00f3n reportada por el Banco de M\u00e9xico)<\/p>\n<p>ES NECESARIO QUE ESTE PAGADO AL 100% EL PAQUETE CONTRATADO AL MOMENTO DE REQUERIRLO.<\/p>\n<p>NOTA: LOS TRAMITES DE SERVICIOS O CUALQUIER SERVICIO ADICIONAL VAN POR CUENTA DEL CLIENTE<\/p>\n","protected":false},"excerpt":{"rendered":"<p>PAQUETE FOSA A TEMPORALIDAD 1 GAVETA, 1 SERVICIO, 1 ATA\u00daD, 1 CREMACI\u00d3N<\/p>\n","protected":false},"featured_media":233,"comment_status":"open","ping_status":"closed","template":"","meta":[],"product_brand":[],"product_cat":[16],"product_tag":[],"class_list":{"0":"post-232","1":"product","2":"type-product","3":"status-publish","4":"has-post-thumbnail","6":"product_cat-paquetes-contado","7":"h-entry","10":"first","11":"instock","12":"shipping-taxable","13":"purchasable","14":"product-type-simple"},"_links":{"self":[{"href":"https:\/\/jardinesdeoriente.com.mx\/index.php?rest_route=\/wp\/v2\/product\/232","targetHints":{"allow":["GET"]}}],"collection":[{"href":"https:\/\/jardinesdeoriente.com.mx\/index.php?rest_route=\/wp\/v2\/product"}],"about":[{"href":"https:\/\/jardinesdeoriente.com.mx\/index.php?rest_route=\/wp\/v2\/types\/product"}],"replies":[{"embeddable":true,"href":"https:\/\/jardinesdeoriente.com.mx\/index.php?rest_route=%2Fwp%2Fv2%2Fcomments&post=232"}],"wp:featuredmedia":[{"embeddable":true,"href":"https:\/\/jardinesdeoriente.com.mx\/index.php?rest_route=\/wp\/v2\/media\/233"}],"wp:attachment":[{"href":"https:\/\/jardinesdeoriente.com.mx\/index.php?rest_route=%2Fwp%2Fv2%2Fmedia&parent=232"}],"wp:term":[{"taxonomy":"product_brand","embeddable":true,"href":"https:\/\/jardinesdeoriente.com.mx\/index.php?rest_route=%2Fwp%2Fv2%2Fproduct_brand&post=232"},{"taxonomy":"product_cat","embeddable":true,"href":"https:\/\/jardinesdeoriente.com.mx\/index.php?rest_route=%2Fwp%2Fv2%2Fproduct_cat&post=232"},{"taxonomy":"product_tag","embeddable":true,"href":"https:\/\/jardinesdeoriente.com.mx\/index.php?rest_route=%2Fwp%2Fv2%2Fproduct_tag&post=232"}],"curies":[{"name":"wp","href":"https:\/\/api.w.org\/{rel}","templated":true}]}}