{"id":29,"date":"2018-02-25T00:16:47","date_gmt":"2018-02-25T00:16:47","guid":{"rendered":"https:\/\/organicthemes.com\/demo\/artisan\/?page_id=29"},"modified":"2023-07-18T16:33:33","modified_gmt":"2023-07-18T16:33:33","slug":"contact","status":"publish","type":"page","link":"https:\/\/jardinesdeoriente.com.mx\/?page_id=29","title":{"rendered":"Contact"},"content":{"rendered":"<div class=\"wp-block-cover is-light alignfull\"><span aria-hidden=\"true\" class=\"wp-block-cover__background has-background-dim\"><\/span><img loading=\"lazy\" decoding=\"async\" width=\"1024\" height=\"683\" class=\"wp-block-cover__image-background wp-image-1608\" alt=\"\" src=\"http:\/\/pagos.jardinesdeoriente.com.mx\/wp-content\/uploads\/2020\/06\/preguntas-frecuentes.jpg\" style=\"object-position:53% 41%\" data-object-fit=\"cover\" data-object-position=\"53% 41%\" srcset=\"https:\/\/jardinesdeoriente.com.mx\/wp-content\/uploads\/2020\/06\/preguntas-frecuentes.jpg 1024w, https:\/\/jardinesdeoriente.com.mx\/wp-content\/uploads\/2020\/06\/preguntas-frecuentes-300x200.jpg 300w, https:\/\/jardinesdeoriente.com.mx\/wp-content\/uploads\/2020\/06\/preguntas-frecuentes-768x512.jpg 768w, https:\/\/jardinesdeoriente.com.mx\/wp-content\/uploads\/2020\/06\/preguntas-frecuentes-980x654.jpg 980w\" sizes=\"auto, (max-width: 1024px) 100vw, 1024px\" \/><div class=\"wp-block-cover__inner-container is-layout-flow wp-block-cover-is-layout-flow\"><h2 class=\"wp-block-heading has-text-align-center\" style=\"color:White;\">Cont\u00e1ctANOS<\/h2>\n\n<p class=\"has-text-align-center\"><p class=\"has-text-align-center\" style=\"color:White;\"><strong>Estamos a sus \u00f3rdenes las 24 horas, los 365 d\u00edas del a\u00f1o, en el tel\u00e9fono: 800 900 2242<\/strong><\/p><\/p>\n\n<p class=\"has-text-align-center\" style=\"color:White;\"><strong>Planes a futuro:<\/strong> <strong>55 57 84 72 01 | 55 57 92 95 95<\/strong><\/p>\n\n<div class=\"wp-block-group\"><div class=\"wp-block-group__inner-container is-layout-flow wp-block-group-is-layout-flow\"><div class=\"wp-block-group\"><div class=\"wp-block-group__inner-container is-layout-flow wp-block-group-is-layout-flow\"><\/div><\/div><\/div><\/div>\n\n<p><\/p><\/div><\/div><p>Nuestro equipo de asesores familiares lo podr\u00e1 orientar sobre todos nuestros servicios y planes que hemos dise\u00f1ado \u2013para uso inmediato y a previsi\u00f3n\u2013 con m\u00faltiples opciones de pago, a precios accesibles, para que usted elija el que mejor se ajuste a sus necesidades.<\/p><div class=\"wp-block-group\"><div class=\"wp-block-group__inner-container is-layout-flow wp-block-group-is-layout-flow\"><p><strong>CONT\u00c1CTO<\/strong><\/p>\n\n<strong> Proporcione los datos solicitados y su n\u00famero telef\u00f3nico en el mensaje. <\/strong>\n\n<p class=\"wpcf7-contact-form-not-found\"><strong>Error:<\/strong> Formulario de contacto no encontrado.<\/p><\/div><\/div><p><strong>DIRECTORIO<\/strong><\/p><figure class=\"wp-block-table is-style-stripes\"><table><tbody><tr><td><strong>Ventas<\/strong><\/td><td><img loading=\"lazy\" decoding=\"async\" width=\"312\" height=\"22\" src=\"https:\/\/www.jardinesdeoriente.com.mx\/Imagenes\/@ventas.gif\" alt=\"ventas\"><\/td><\/tr><tr><td><strong>Cr\u00e9dito y cobranza<\/strong><\/td><td><img loading=\"lazy\" decoding=\"async\" width=\"397\" height=\"22\" src=\"https:\/\/www.jardinesdeoriente.com.mx\/Imagenes\/@credito.gif\" alt=\"credito\"><\/td><\/tr><tr><td><strong>Recursos Humanos<\/strong><\/td><td><img loading=\"lazy\" decoding=\"async\" width=\"409\" height=\"22\" src=\"https:\/\/www.jardinesdeoriente.com.mx\/Imagenes\/@rhumanos.gif\" alt=\"rhumanos\"><\/td><\/tr><tr><td><strong>Servicios<\/strong><\/td><td><img loading=\"lazy\" decoding=\"async\" width=\"332\" height=\"22\" src=\"https:\/\/www.jardinesdeoriente.com.mx\/Imagenes\/@servicios.gif\" alt=\"servicios\"><\/td><\/tr><tr><td><strong>Sugerencias\/Quejas<\/strong><\/td><td><img loading=\"lazy\" decoding=\"async\" width=\"418\" height=\"22\" src=\"https:\/\/www.jardinesdeoriente.com.mx\/Imagenes\/@sugerencias.gif\" alt=\"sigerencias\"><\/td><\/tr><\/tbody><\/table><\/figure>","protected":false},"excerpt":{"rendered":"<p>Nuestro equipo de asesores familiares lo podr\u00e1 orientar sobre todos nuestros servicios y planes que hemos dise\u00f1ado \u2013para uso inmediato y a previsi\u00f3n\u2013 con m\u00faltiples opciones de pago, a precios accesibles, para que usted elija el que mejor se ajuste a sus necesidades. CONT\u00c1CTO Proporcione los datos solicitados y su n\u00famero telef\u00f3nico en el mensaje. &hellip; <\/p>\n<div class=\"more-link-wrapper\"><a href=\"https:\/\/jardinesdeoriente.com.mx\/?page_id=29\" class=\"button more-link\">Continue reading<span class=\"screen-reader-text\"> \u00abContact\u00bb<\/span><\/a><\/div>\n","protected":false},"author":1,"featured_media":0,"parent":0,"menu_order":0,"comment_status":"closed","ping_status":"closed","template":"","meta":{"footnotes":""},"class_list":["post-29","page","type-page","status-publish"],"_links":{"self":[{"href":"https:\/\/jardinesdeoriente.com.mx\/index.php?rest_route=\/wp\/v2\/pages\/29","targetHints":{"allow":["GET"]}}],"collection":[{"href":"https:\/\/jardinesdeoriente.com.mx\/index.php?rest_route=\/wp\/v2\/pages"}],"about":[{"href":"https:\/\/jardinesdeoriente.com.mx\/index.php?rest_route=\/wp\/v2\/types\/page"}],"author":[{"embeddable":true,"href":"https:\/\/jardinesdeoriente.com.mx\/index.php?rest_route=\/wp\/v2\/users\/1"}],"replies":[{"embeddable":true,"href":"https:\/\/jardinesdeoriente.com.mx\/index.php?rest_route=%2Fwp%2Fv2%2Fcomments&post=29"}],"version-history":[{"count":36,"href":"https:\/\/jardinesdeoriente.com.mx\/index.php?rest_route=\/wp\/v2\/pages\/29\/revisions"}],"predecessor-version":[{"id":1793,"href":"https:\/\/jardinesdeoriente.com.mx\/index.php?rest_route=\/wp\/v2\/pages\/29\/revisions\/1793"}],"wp:attachment":[{"href":"https:\/\/jardinesdeoriente.com.mx\/index.php?rest_route=%2Fwp%2Fv2%2Fmedia&parent=29"}],"curies":[{"name":"wp","href":"https:\/\/api.w.org\/{rel}","templated":true}]}}